{"id":13,"date":"2022-09-08T18:55:54","date_gmt":"2022-09-08T21:55:54","guid":{"rendered":"https:\/\/dropshipping.ninjadosplugins.com\/minha-conta\/"},"modified":"2025-11-03T16:58:24","modified_gmt":"2025-11-03T19:58:24","slug":"minha-conta","status":"publish","type":"page","link":"https:\/\/biostech-smd.com.br\/?page_id=13","title":{"rendered":"Minha conta"},"content":{"rendered":"\t\t<div data-elementor-type=\"wp-page\" data-elementor-id=\"13\" class=\"elementor elementor-13\" data-elementor-post-type=\"page\">\n\t\t\t\t<!-- dce invisible element 8938b37 --><div class=\"elementor-element elementor-element-0c63f29 e-flex e-con-boxed e-con e-parent\" data-id=\"0c63f29\" data-element_type=\"container\">\n\t\t\t\t\t<div class=\"e-con-inner\">\n\t\t\t\t<div class=\"elementor-element elementor-element-e3bb0b8 e-my-account-tabs-vertical elementor-widget elementor-widget-woocommerce-my-account\" data-id=\"e3bb0b8\" data-element_type=\"widget\" data-widget_type=\"woocommerce-my-account.default\">\n\t\t\t\t<div class=\"elementor-widget-container\">\n\t\t\t\t\t<div class=\"e-my-account-tab e-my-account-tab__ \">\t\t\t<div class=\"woocommerce\"><div class=\"woocommerce-notices-wrapper\"><\/div>\n\n<div class=\"u-columns col2-set\" id=\"customer_login\">\n\n\t<div class=\"u-column1 col-1\">\n\n\n\t\t<h2>Entrar<\/h2>\n\n\t\t<form class=\"woocommerce-form woocommerce-form-login login\" method=\"post\" novalidate>\n\n\t\t\t\n\t\t\t<p class=\"woocommerce-form-row woocommerce-form-row--wide form-row form-row-wide\">\n\t\t\t\t<label for=\"username\">Nome de usu\u00e1rio ou e-mail&nbsp;<span class=\"required\" aria-hidden=\"true\">*<\/span><span class=\"screen-reader-text\">Obrigat\u00f3rio<\/span><\/label>\n\t\t\t\t<input type=\"text\" class=\"woocommerce-Input woocommerce-Input--text input-text\" name=\"username\" id=\"username\" autocomplete=\"username\" value=\"\" required aria-required=\"true\" \/>\t\t\t<\/p>\n\t\t\t<p class=\"woocommerce-form-row woocommerce-form-row--wide form-row form-row-wide\">\n\t\t\t\t<label for=\"password\">Senha&nbsp;<span class=\"required\" aria-hidden=\"true\">*<\/span><span class=\"screen-reader-text\">Obrigat\u00f3rio<\/span><\/label>\n\t\t\t\t<input class=\"woocommerce-Input woocommerce-Input--text input-text\" type=\"password\" name=\"password\" id=\"password\" autocomplete=\"current-password\" required aria-required=\"true\" \/>\n\t\t\t<\/p>\n\n\t\t\t\n\t\t\t<p class=\"form-row\">\n\t\t\t\t<label class=\"woocommerce-form__label woocommerce-form__label-for-checkbox woocommerce-form-login__rememberme\">\n\t\t\t\t\t<input class=\"woocommerce-form__input woocommerce-form__input-checkbox\" name=\"rememberme\" type=\"checkbox\" id=\"rememberme\" value=\"forever\" \/> <span>Lembre-me<\/span>\n\t\t\t\t<\/label>\n\t\t\t\t<input type=\"hidden\" id=\"woocommerce-login-nonce\" name=\"woocommerce-login-nonce\" value=\"8c3b46a685\" \/><input type=\"hidden\" name=\"_wp_http_referer\" value=\"\/index.php?rest_route=%2Fwp%2Fv2%2Fpages%2F13\" \/>\t\t\t\t<button type=\"submit\" class=\"woocommerce-button button woocommerce-form-login__submit\" name=\"login\" value=\"Acessar\">Acessar<\/button>\n\t\t\t<\/p>\n\t\t\t<p class=\"woocommerce-LostPassword lost_password\">\n\t\t\t\t<a href=\"https:\/\/biostech-smd.com.br\/?page_id=13&#038;lost-password\">Perdeu sua senha?<\/a>\n\t\t\t<\/p>\n\n\t\t\t\n\t\t<\/form>\n\n\n\t<\/div>\n\n\t<div class=\"u-column2 col-2\">\n\n\t\t<h2>Cadastre-se<\/h2>\n\n\t\t<form method=\"post\" class=\"woocommerce-form woocommerce-form-register register\"  >\n\n\t\t\t\n\t\t\t\n\t\t\t\t<p class=\"woocommerce-form-row woocommerce-form-row--wide form-row form-row-wide\">\n\t\t\t\t\t<label for=\"reg_username\">Nome de usu\u00e1rio&nbsp;<span class=\"required\" aria-hidden=\"true\">*<\/span><span class=\"screen-reader-text\">Obrigat\u00f3rio<\/span><\/label>\n\t\t\t\t\t<input type=\"text\" class=\"woocommerce-Input woocommerce-Input--text input-text\" name=\"username\" id=\"reg_username\" autocomplete=\"username\" value=\"\" required aria-required=\"true\" \/>\t\t\t\t<\/p>\n\n\t\t\t\n\t\t\t<p class=\"woocommerce-form-row woocommerce-form-row--wide form-row form-row-wide\">\n\t\t\t\t<label for=\"reg_email\">Endere\u00e7o de e-mail&nbsp;<span class=\"required\" aria-hidden=\"true\">*<\/span><span class=\"screen-reader-text\">Obrigat\u00f3rio<\/span><\/label>\n\t\t\t\t<input type=\"email\" class=\"woocommerce-Input woocommerce-Input--text input-text\" name=\"email\" id=\"reg_email\" autocomplete=\"email\" value=\"\" required aria-required=\"true\" \/>\t\t\t<\/p>\n\n\t\t\t\n\t\t\t\t<p class=\"woocommerce-form-row woocommerce-form-row--wide form-row form-row-wide\">\n\t\t\t\t\t<label for=\"reg_password\">Senha&nbsp;<span class=\"required\" aria-hidden=\"true\">*<\/span><span class=\"screen-reader-text\">Obrigat\u00f3rio<\/span><\/label>\n\t\t\t\t\t<input type=\"password\" class=\"woocommerce-Input woocommerce-Input--text input-text\" name=\"password\" id=\"reg_password\" autocomplete=\"new-password\" required aria-required=\"true\" \/>\n\t\t\t\t<\/p>\n\n\t\t\t\n\t\t\t<wc-order-attribution-inputs><\/wc-order-attribution-inputs><div class=\"woocommerce-privacy-policy-text\"><\/div>\n\t\t\t<p class=\"woocommerce-form-row form-row\">\n\t\t\t\t<input type=\"hidden\" id=\"woocommerce-register-nonce\" name=\"woocommerce-register-nonce\" value=\"a880a502ca\" \/><input type=\"hidden\" name=\"_wp_http_referer\" value=\"\/index.php?rest_route=%2Fwp%2Fv2%2Fpages%2F13\" \/>\t\t\t\t<button type=\"submit\" class=\"woocommerce-Button woocommerce-button button woocommerce-form-register__submit\" name=\"register\" value=\"Cadastre-se\">Cadastre-se<\/button>\n\t\t\t<\/p>\n\n\t\t\t\n\t\t<\/form>\n\n\t<\/div>\n\n<\/div>\n\n<\/div>\t\t<\/div>\n\t\t\t\t\t\t<\/div>\n\t\t\t\t<\/div>\n\t\t\t\t\t<\/div>\n\t\t\t\t<\/div>\n\t\t\t\t<\/div>\n\t\t","protected":false},"excerpt":{"rendered":"<p>Bem Vindo Entrar Nome de usu\u00e1rio ou e-mail&nbsp;*Obrigat\u00f3rio Senha&nbsp;*Obrigat\u00f3rio Lembre-me Acessar Perdeu sua senha? Cadastre-se Nome de usu\u00e1rio&nbsp;*Obrigat\u00f3rio Endere\u00e7o de e-mail&nbsp;*Obrigat\u00f3rio Senha&nbsp;*Obrigat\u00f3rio Cadastre-se Painel Pedidos Downloads Endere\u00e7o Detalhes da Conta Sair Ol\u00e1, Diego Rocha (n\u00e3o \u00e9 Diego Rocha? Sair) A partir do painel de controle de sua conta, voc\u00ea pode ver suas compras recentes, gerenciar [&hellip;]<\/p>\n","protected":false},"author":2,"featured_media":0,"parent":0,"menu_order":0,"comment_status":"closed","ping_status":"closed","template":"elementor_header_footer","meta":{"footnotes":""},"class_list":["post-13","page","type-page","status-publish","hentry"],"yoast_head":"<!-- This site is optimized with the Yoast SEO Premium plugin v23.2 (Yoast SEO v23.2) - https:\/\/yoast.com\/wordpress\/plugins\/seo\/ -->\n<title>Minha conta - biostech-smd<\/title>\n<meta name=\"robots\" content=\"index, follow, max-snippet:-1, max-image-preview:large, max-video-preview:-1\" \/>\n<link rel=\"canonical\" href=\"https:\/\/biostech-smd.com.br\/?page_id=13\" \/>\n<meta property=\"og:locale\" content=\"pt_BR\" \/>\n<meta property=\"og:type\" content=\"article\" \/>\n<meta property=\"og:title\" content=\"Minha conta\" \/>\n<meta property=\"og:description\" content=\"Bem Vindo Entrar Nome de usu\u00e1rio ou e-mail&nbsp;*Obrigat\u00f3rio Senha&nbsp;*Obrigat\u00f3rio Lembre-me Acessar Perdeu sua senha? Cadastre-se Nome de usu\u00e1rio&nbsp;*Obrigat\u00f3rio Endere\u00e7o de e-mail&nbsp;*Obrigat\u00f3rio Senha&nbsp;*Obrigat\u00f3rio Cadastre-se Painel Pedidos Downloads Endere\u00e7o Detalhes da Conta Sair Ol\u00e1, Diego Rocha (n\u00e3o \u00e9 Diego Rocha? Sair) A partir do painel de controle de sua conta, voc\u00ea pode ver suas compras recentes, gerenciar [&hellip;]\" \/>\n<meta property=\"og:url\" content=\"https:\/\/biostech-smd.com.br\/?page_id=13\" \/>\n<meta property=\"og:site_name\" content=\"biostech-smd\" \/>\n<meta property=\"article:modified_time\" content=\"2025-11-03T19:58:24+00:00\" \/>\n<meta name=\"twitter:card\" content=\"summary_large_image\" \/>\n<meta name=\"twitter:label1\" content=\"Est. tempo de leitura\" \/>\n\t<meta name=\"twitter:data1\" content=\"1 minuto\" \/>\n<script type=\"application\/ld+json\" class=\"yoast-schema-graph\">{\"@context\":\"https:\/\/schema.org\",\"@graph\":[{\"@type\":\"WebPage\",\"@id\":\"https:\/\/biostech-smd.com.br\/?page_id=13\",\"url\":\"https:\/\/biostech-smd.com.br\/?page_id=13\",\"name\":\"Minha conta - biostech-smd\",\"isPartOf\":{\"@id\":\"https:\/\/biostech-smd.com.br\/#website\"},\"datePublished\":\"2022-09-08T21:55:54+00:00\",\"dateModified\":\"2025-11-03T19:58:24+00:00\",\"breadcrumb\":{\"@id\":\"https:\/\/biostech-smd.com.br\/?page_id=13#breadcrumb\"},\"inLanguage\":\"pt-BR\",\"potentialAction\":[{\"@type\":\"ReadAction\",\"target\":[\"https:\/\/biostech-smd.com.br\/?page_id=13\"]}]},{\"@type\":\"BreadcrumbList\",\"@id\":\"https:\/\/biostech-smd.com.br\/?page_id=13#breadcrumb\",\"itemListElement\":[{\"@type\":\"ListItem\",\"position\":1,\"name\":\"In\u00edcio\",\"item\":\"https:\/\/biostech-smd.com.br\/\"},{\"@type\":\"ListItem\",\"position\":2,\"name\":\"Minha conta\"}]},{\"@type\":\"WebSite\",\"@id\":\"https:\/\/biostech-smd.com.br\/#website\",\"url\":\"https:\/\/biostech-smd.com.br\/\",\"name\":\"Inform\u00e1tica-pc.tech\",\"description\":\"biostech-smd\",\"publisher\":{\"@id\":\"https:\/\/biostech-smd.com.br\/#organization\"},\"potentialAction\":[{\"@type\":\"SearchAction\",\"target\":{\"@type\":\"EntryPoint\",\"urlTemplate\":\"https:\/\/biostech-smd.com.br\/?s={search_term_string}\"},\"query-input\":\"required name=search_term_string\"}],\"inLanguage\":\"pt-BR\"},{\"@type\":\"Organization\",\"@id\":\"https:\/\/biostech-smd.com.br\/#organization\",\"name\":\"Inform\u00e1tica-pc.tech\",\"url\":\"https:\/\/biostech-smd.com.br\/\",\"logo\":{\"@type\":\"ImageObject\",\"inLanguage\":\"pt-BR\",\"@id\":\"https:\/\/biostech-smd.com.br\/#\/schema\/logo\/image\/\",\"url\":\"https:\/\/biostech-smd.com.br\/wp-content\/uploads\/2022\/09\/informatica-pc.tech-2-1.png\",\"contentUrl\":\"https:\/\/biostech-smd.com.br\/wp-content\/uploads\/2022\/09\/informatica-pc.tech-2-1.png\",\"width\":200,\"height\":40,\"caption\":\"Inform\u00e1tica-pc.tech\"},\"image\":{\"@id\":\"https:\/\/biostech-smd.com.br\/#\/schema\/logo\/image\/\"}}]}<\/script>\n<!-- \/ Yoast SEO Premium plugin. -->","yoast_head_json":{"title":"Minha conta - biostech-smd","robots":{"index":"index","follow":"follow","max-snippet":"max-snippet:-1","max-image-preview":"max-image-preview:large","max-video-preview":"max-video-preview:-1"},"canonical":"https:\/\/biostech-smd.com.br\/?page_id=13","og_locale":"pt_BR","og_type":"article","og_title":"Minha conta","og_description":"Bem Vindo Entrar Nome de usu\u00e1rio ou e-mail&nbsp;*Obrigat\u00f3rio Senha&nbsp;*Obrigat\u00f3rio Lembre-me Acessar Perdeu sua senha? Cadastre-se Nome de usu\u00e1rio&nbsp;*Obrigat\u00f3rio Endere\u00e7o de e-mail&nbsp;*Obrigat\u00f3rio Senha&nbsp;*Obrigat\u00f3rio Cadastre-se Painel Pedidos Downloads Endere\u00e7o Detalhes da Conta Sair Ol\u00e1, Diego Rocha (n\u00e3o \u00e9 Diego Rocha? Sair) A partir do painel de controle de sua conta, voc\u00ea pode ver suas compras recentes, gerenciar [&hellip;]","og_url":"https:\/\/biostech-smd.com.br\/?page_id=13","og_site_name":"biostech-smd","article_modified_time":"2025-11-03T19:58:24+00:00","twitter_card":"summary_large_image","twitter_misc":{"Est. tempo de leitura":"1 minuto"},"schema":{"@context":"https:\/\/schema.org","@graph":[{"@type":"WebPage","@id":"https:\/\/biostech-smd.com.br\/?page_id=13","url":"https:\/\/biostech-smd.com.br\/?page_id=13","name":"Minha conta - biostech-smd","isPartOf":{"@id":"https:\/\/biostech-smd.com.br\/#website"},"datePublished":"2022-09-08T21:55:54+00:00","dateModified":"2025-11-03T19:58:24+00:00","breadcrumb":{"@id":"https:\/\/biostech-smd.com.br\/?page_id=13#breadcrumb"},"inLanguage":"pt-BR","potentialAction":[{"@type":"ReadAction","target":["https:\/\/biostech-smd.com.br\/?page_id=13"]}]},{"@type":"BreadcrumbList","@id":"https:\/\/biostech-smd.com.br\/?page_id=13#breadcrumb","itemListElement":[{"@type":"ListItem","position":1,"name":"In\u00edcio","item":"https:\/\/biostech-smd.com.br\/"},{"@type":"ListItem","position":2,"name":"Minha conta"}]},{"@type":"WebSite","@id":"https:\/\/biostech-smd.com.br\/#website","url":"https:\/\/biostech-smd.com.br\/","name":"Inform\u00e1tica-pc.tech","description":"biostech-smd","publisher":{"@id":"https:\/\/biostech-smd.com.br\/#organization"},"potentialAction":[{"@type":"SearchAction","target":{"@type":"EntryPoint","urlTemplate":"https:\/\/biostech-smd.com.br\/?s={search_term_string}"},"query-input":"required name=search_term_string"}],"inLanguage":"pt-BR"},{"@type":"Organization","@id":"https:\/\/biostech-smd.com.br\/#organization","name":"Inform\u00e1tica-pc.tech","url":"https:\/\/biostech-smd.com.br\/","logo":{"@type":"ImageObject","inLanguage":"pt-BR","@id":"https:\/\/biostech-smd.com.br\/#\/schema\/logo\/image\/","url":"https:\/\/biostech-smd.com.br\/wp-content\/uploads\/2022\/09\/informatica-pc.tech-2-1.png","contentUrl":"https:\/\/biostech-smd.com.br\/wp-content\/uploads\/2022\/09\/informatica-pc.tech-2-1.png","width":200,"height":40,"caption":"Inform\u00e1tica-pc.tech"},"image":{"@id":"https:\/\/biostech-smd.com.br\/#\/schema\/logo\/image\/"}}]}},"_links":{"self":[{"href":"https:\/\/biostech-smd.com.br\/index.php?rest_route=\/wp\/v2\/pages\/13","targetHints":{"allow":["GET"]}}],"collection":[{"href":"https:\/\/biostech-smd.com.br\/index.php?rest_route=\/wp\/v2\/pages"}],"about":[{"href":"https:\/\/biostech-smd.com.br\/index.php?rest_route=\/wp\/v2\/types\/page"}],"author":[{"embeddable":true,"href":"https:\/\/biostech-smd.com.br\/index.php?rest_route=\/wp\/v2\/users\/2"}],"replies":[{"embeddable":true,"href":"https:\/\/biostech-smd.com.br\/index.php?rest_route=%2Fwp%2Fv2%2Fcomments&post=13"}],"version-history":[{"count":18,"href":"https:\/\/biostech-smd.com.br\/index.php?rest_route=\/wp\/v2\/pages\/13\/revisions"}],"predecessor-version":[{"id":791,"href":"https:\/\/biostech-smd.com.br\/index.php?rest_route=\/wp\/v2\/pages\/13\/revisions\/791"}],"wp:attachment":[{"href":"https:\/\/biostech-smd.com.br\/index.php?rest_route=%2Fwp%2Fv2%2Fmedia&parent=13"}],"curies":[{"name":"wp","href":"https:\/\/api.w.org\/{rel}","templated":true}]}}