{"id":20,"date":"2022-09-09T01:15:09","date_gmt":"2022-09-09T04:15:09","guid":{"rendered":"https:\/\/dropshipping.ninjadosplugins.com\/?page_id=20"},"modified":"2024-09-22T20:09:00","modified_gmt":"2024-09-22T23:09:00","slug":"sobre","status":"publish","type":"page","link":"https:\/\/biostech-smd.com.br\/?page_id=20","title":{"rendered":"Sobre"},"content":{"rendered":"\t\t<div data-elementor-type=\"wp-page\" data-elementor-id=\"20\" class=\"elementor elementor-20\" data-elementor-post-type=\"page\">\n\t\t\t\t<div class=\"elementor-element elementor-element-77dfbae e-flex e-con-boxed e-con e-parent\" data-id=\"77dfbae\" data-element_type=\"container\" data-settings=\"{&quot;background_background&quot;:&quot;classic&quot;}\">\n\t\t\t\t\t<div class=\"e-con-inner\">\n\t\t\t\t<div class=\"elementor-element elementor-element-9340426 elementor-widget elementor-widget-heading\" data-id=\"9340426\" data-element_type=\"widget\" data-widget_type=\"heading.default\">\n\t\t\t\t<div class=\"elementor-widget-container\">\n\t\t\t\t\t<h1 class=\"elementor-heading-title elementor-size-default\">Sobre N\u00f3s<\/h1>\t\t\t\t<\/div>\n\t\t\t\t<\/div>\n\t\t\t\t\t<\/div>\n\t\t\t\t<\/div>\n\t\t<div class=\"elementor-element elementor-element-5a99698 e-flex e-con-boxed e-con e-parent\" data-id=\"5a99698\" data-element_type=\"container\">\n\t\t\t\t\t<div class=\"e-con-inner\">\n\t\t<div class=\"elementor-element elementor-element-e480a65 e-flex e-con-boxed e-con e-child\" data-id=\"e480a65\" data-element_type=\"container\">\n\t\t\t\t\t<div class=\"e-con-inner\">\n\t\t\t\t<div class=\"elementor-element elementor-element-f2bd7ba elementor-widget elementor-widget-heading\" data-id=\"f2bd7ba\" data-element_type=\"widget\" data-widget_type=\"heading.default\">\n\t\t\t\t<div class=\"elementor-widget-container\">\n\t\t\t\t\t<h1 class=\"elementor-heading-title elementor-size-default\">          Inform\u00e1tica-pc.tech\n<\/h1>\t\t\t\t<\/div>\n\t\t\t\t<\/div>\n\t\t\t\t<div class=\"elementor-element elementor-element-bea0c62 elementor-widget elementor-widget-text-editor\" data-id=\"bea0c62\" data-element_type=\"widget\" data-widget_type=\"text-editor.default\">\n\t\t\t\t<div class=\"elementor-widget-container\">\n\t\t\t\t\t\t\t\t\t<ul><li style=\"text-align: center;\"><span style=\"color: #000080;\"><strong>\u2060&#8221;No futuro, a tecnologia ser\u00e1 nossa aliada poderosa, impulsionando a inova\u00e7\u00e3o em todos os aspectos da vida, transformando nossas limita\u00e7\u00f5es em oportunidades e nos capacitando a criar um mundo de possibilidades infinitas.&#8221;<\/strong><\/span><\/li><\/ul>\t\t\t\t\t\t\t\t<\/div>\n\t\t\t\t<\/div>\n\t\t\t\t\t<\/div>\n\t\t\t\t<\/div>\n\t\t<div class=\"elementor-element elementor-element-56bd61d e-con-full e-flex e-con e-child\" data-id=\"56bd61d\" data-element_type=\"container\">\n\t\t\t\t<div class=\"elementor-element elementor-element-917ceb2 elementor-widget elementor-widget-image\" data-id=\"917ceb2\" data-element_type=\"widget\" data-widget_type=\"image.default\">\n\t\t\t\t<div class=\"elementor-widget-container\">\n\t\t\t\t\t\t\t\t\t\t\t\t\t\t\t<img fetchpriority=\"high\" decoding=\"async\" width=\"800\" height=\"800\" src=\"https:\/\/biostech-smd.com.br\/wp-content\/uploads\/2022\/09\/H9ada23e6ce42435ba4707ad23cd5bf32x.jpg\" class=\"attachment-large size-large wp-image-104\" alt=\"\" srcset=\"https:\/\/biostech-smd.com.br\/wp-content\/uploads\/2022\/09\/H9ada23e6ce42435ba4707ad23cd5bf32x.jpg 800w, https:\/\/biostech-smd.com.br\/wp-content\/uploads\/2022\/09\/H9ada23e6ce42435ba4707ad23cd5bf32x-600x600.jpg 600w, https:\/\/biostech-smd.com.br\/wp-content\/uploads\/2022\/09\/H9ada23e6ce42435ba4707ad23cd5bf32x-100x100.jpg 100w, https:\/\/biostech-smd.com.br\/wp-content\/uploads\/2022\/09\/H9ada23e6ce42435ba4707ad23cd5bf32x-300x300.jpg 300w, https:\/\/biostech-smd.com.br\/wp-content\/uploads\/2022\/09\/H9ada23e6ce42435ba4707ad23cd5bf32x-150x150.jpg 150w, https:\/\/biostech-smd.com.br\/wp-content\/uploads\/2022\/09\/H9ada23e6ce42435ba4707ad23cd5bf32x-768x768.jpg 768w\" sizes=\"(max-width: 800px) 100vw, 800px\" \/>\t\t\t\t\t\t\t\t\t\t\t\t\t\t\t<\/div>\n\t\t\t\t<\/div>\n\t\t\t\t<\/div>\n\t\t\t\t\t<\/div>\n\t\t\t\t<\/div>\n\t\t<div class=\"elementor-element elementor-element-33a8ac2 e-flex e-con-boxed e-con e-parent\" data-id=\"33a8ac2\" data-element_type=\"container\" data-settings=\"{&quot;background_background&quot;:&quot;classic&quot;}\">\n\t\t\t\t\t<div class=\"e-con-inner\">\n\t\t\t\t\t<\/div>\n\t\t\t\t<\/div>\n\t\t\t\t<\/div>\n\t\t","protected":false},"excerpt":{"rendered":"<p>Sobre N\u00f3s Inform\u00e1tica-pc.tech \u2060&#8221;No futuro, a tecnologia ser\u00e1 nossa aliada poderosa, impulsionando a inova\u00e7\u00e3o em todos os aspectos da vida, transformando nossas limita\u00e7\u00f5es em oportunidades e nos capacitando a criar um mundo de possibilidades infinitas.&#8221;<\/p>\n","protected":false},"author":2,"featured_media":0,"parent":0,"menu_order":0,"comment_status":"closed","ping_status":"closed","template":"elementor_header_footer","meta":{"footnotes":""},"class_list":["post-20","page","type-page","status-publish","hentry"],"yoast_head":"<!-- This site is optimized with the Yoast SEO Premium plugin v23.2 (Yoast SEO v23.2) - https:\/\/yoast.com\/wordpress\/plugins\/seo\/ -->\n<title>Sobre - biostech-smd<\/title>\n<meta name=\"robots\" content=\"index, follow, max-snippet:-1, max-image-preview:large, max-video-preview:-1\" \/>\n<link rel=\"canonical\" href=\"https:\/\/biostech-smd.com.br\/?page_id=20\" \/>\n<meta property=\"og:locale\" content=\"pt_BR\" \/>\n<meta property=\"og:type\" content=\"article\" \/>\n<meta property=\"og:title\" content=\"Sobre\" \/>\n<meta property=\"og:description\" content=\"Sobre N\u00f3s Inform\u00e1tica-pc.tech \u2060&#8221;No futuro, a tecnologia ser\u00e1 nossa aliada poderosa, impulsionando a inova\u00e7\u00e3o em todos os aspectos da vida, transformando nossas limita\u00e7\u00f5es em oportunidades e nos capacitando a criar um mundo de possibilidades infinitas.&#8221;\" \/>\n<meta property=\"og:url\" content=\"https:\/\/biostech-smd.com.br\/?page_id=20\" \/>\n<meta property=\"og:site_name\" content=\"biostech-smd\" \/>\n<meta property=\"article:modified_time\" content=\"2024-09-22T23:09:00+00:00\" \/>\n<meta property=\"og:image\" content=\"http:\/\/informaticapc.tech\/wp-content\/uploads\/2022\/09\/H9ada23e6ce42435ba4707ad23cd5bf32x.jpg\" \/>\n<meta name=\"twitter:card\" content=\"summary_large_image\" \/>\n<script type=\"application\/ld+json\" class=\"yoast-schema-graph\">{\"@context\":\"https:\/\/schema.org\",\"@graph\":[{\"@type\":\"WebPage\",\"@id\":\"https:\/\/biostech-smd.com.br\/?page_id=20\",\"url\":\"https:\/\/biostech-smd.com.br\/?page_id=20\",\"name\":\"Sobre - biostech-smd\",\"isPartOf\":{\"@id\":\"https:\/\/biostech-smd.com.br\/#website\"},\"primaryImageOfPage\":{\"@id\":\"https:\/\/biostech-smd.com.br\/?page_id=20#primaryimage\"},\"image\":{\"@id\":\"https:\/\/biostech-smd.com.br\/?page_id=20#primaryimage\"},\"thumbnailUrl\":\"http:\/\/informaticapc.tech\/wp-content\/uploads\/2022\/09\/H9ada23e6ce42435ba4707ad23cd5bf32x.jpg\",\"datePublished\":\"2022-09-09T04:15:09+00:00\",\"dateModified\":\"2024-09-22T23:09:00+00:00\",\"breadcrumb\":{\"@id\":\"https:\/\/biostech-smd.com.br\/?page_id=20#breadcrumb\"},\"inLanguage\":\"pt-BR\",\"potentialAction\":[{\"@type\":\"ReadAction\",\"target\":[\"https:\/\/biostech-smd.com.br\/?page_id=20\"]}]},{\"@type\":\"ImageObject\",\"inLanguage\":\"pt-BR\",\"@id\":\"https:\/\/biostech-smd.com.br\/?page_id=20#primaryimage\",\"url\":\"http:\/\/informaticapc.tech\/wp-content\/uploads\/2022\/09\/H9ada23e6ce42435ba4707ad23cd5bf32x.jpg\",\"contentUrl\":\"http:\/\/informaticapc.tech\/wp-content\/uploads\/2022\/09\/H9ada23e6ce42435ba4707ad23cd5bf32x.jpg\"},{\"@type\":\"BreadcrumbList\",\"@id\":\"https:\/\/biostech-smd.com.br\/?page_id=20#breadcrumb\",\"itemListElement\":[{\"@type\":\"ListItem\",\"position\":1,\"name\":\"In\u00edcio\",\"item\":\"https:\/\/biostech-smd.com.br\/\"},{\"@type\":\"ListItem\",\"position\":2,\"name\":\"Sobre\"}]},{\"@type\":\"WebSite\",\"@id\":\"https:\/\/biostech-smd.com.br\/#website\",\"url\":\"https:\/\/biostech-smd.com.br\/\",\"name\":\"Inform\u00e1tica-pc.tech\",\"description\":\"biostech-smd\",\"publisher\":{\"@id\":\"https:\/\/biostech-smd.com.br\/#organization\"},\"potentialAction\":[{\"@type\":\"SearchAction\",\"target\":{\"@type\":\"EntryPoint\",\"urlTemplate\":\"https:\/\/biostech-smd.com.br\/?s={search_term_string}\"},\"query-input\":\"required name=search_term_string\"}],\"inLanguage\":\"pt-BR\"},{\"@type\":\"Organization\",\"@id\":\"https:\/\/biostech-smd.com.br\/#organization\",\"name\":\"Inform\u00e1tica-pc.tech\",\"url\":\"https:\/\/biostech-smd.com.br\/\",\"logo\":{\"@type\":\"ImageObject\",\"inLanguage\":\"pt-BR\",\"@id\":\"https:\/\/biostech-smd.com.br\/#\/schema\/logo\/image\/\",\"url\":\"https:\/\/biostech-smd.com.br\/wp-content\/uploads\/2022\/09\/informatica-pc.tech-2-1.png\",\"contentUrl\":\"https:\/\/biostech-smd.com.br\/wp-content\/uploads\/2022\/09\/informatica-pc.tech-2-1.png\",\"width\":200,\"height\":40,\"caption\":\"Inform\u00e1tica-pc.tech\"},\"image\":{\"@id\":\"https:\/\/biostech-smd.com.br\/#\/schema\/logo\/image\/\"}}]}<\/script>\n<!-- \/ Yoast SEO Premium plugin. -->","yoast_head_json":{"title":"Sobre - biostech-smd","robots":{"index":"index","follow":"follow","max-snippet":"max-snippet:-1","max-image-preview":"max-image-preview:large","max-video-preview":"max-video-preview:-1"},"canonical":"https:\/\/biostech-smd.com.br\/?page_id=20","og_locale":"pt_BR","og_type":"article","og_title":"Sobre","og_description":"Sobre N\u00f3s Inform\u00e1tica-pc.tech \u2060&#8221;No futuro, a tecnologia ser\u00e1 nossa aliada poderosa, impulsionando a inova\u00e7\u00e3o em todos os aspectos da vida, transformando nossas limita\u00e7\u00f5es em oportunidades e nos capacitando a criar um mundo de possibilidades infinitas.&#8221;","og_url":"https:\/\/biostech-smd.com.br\/?page_id=20","og_site_name":"biostech-smd","article_modified_time":"2024-09-22T23:09:00+00:00","og_image":[{"url":"http:\/\/informaticapc.tech\/wp-content\/uploads\/2022\/09\/H9ada23e6ce42435ba4707ad23cd5bf32x.jpg"}],"twitter_card":"summary_large_image","schema":{"@context":"https:\/\/schema.org","@graph":[{"@type":"WebPage","@id":"https:\/\/biostech-smd.com.br\/?page_id=20","url":"https:\/\/biostech-smd.com.br\/?page_id=20","name":"Sobre - biostech-smd","isPartOf":{"@id":"https:\/\/biostech-smd.com.br\/#website"},"primaryImageOfPage":{"@id":"https:\/\/biostech-smd.com.br\/?page_id=20#primaryimage"},"image":{"@id":"https:\/\/biostech-smd.com.br\/?page_id=20#primaryimage"},"thumbnailUrl":"http:\/\/informaticapc.tech\/wp-content\/uploads\/2022\/09\/H9ada23e6ce42435ba4707ad23cd5bf32x.jpg","datePublished":"2022-09-09T04:15:09+00:00","dateModified":"2024-09-22T23:09:00+00:00","breadcrumb":{"@id":"https:\/\/biostech-smd.com.br\/?page_id=20#breadcrumb"},"inLanguage":"pt-BR","potentialAction":[{"@type":"ReadAction","target":["https:\/\/biostech-smd.com.br\/?page_id=20"]}]},{"@type":"ImageObject","inLanguage":"pt-BR","@id":"https:\/\/biostech-smd.com.br\/?page_id=20#primaryimage","url":"http:\/\/informaticapc.tech\/wp-content\/uploads\/2022\/09\/H9ada23e6ce42435ba4707ad23cd5bf32x.jpg","contentUrl":"http:\/\/informaticapc.tech\/wp-content\/uploads\/2022\/09\/H9ada23e6ce42435ba4707ad23cd5bf32x.jpg"},{"@type":"BreadcrumbList","@id":"https:\/\/biostech-smd.com.br\/?page_id=20#breadcrumb","itemListElement":[{"@type":"ListItem","position":1,"name":"In\u00edcio","item":"https:\/\/biostech-smd.com.br\/"},{"@type":"ListItem","position":2,"name":"Sobre"}]},{"@type":"WebSite","@id":"https:\/\/biostech-smd.com.br\/#website","url":"https:\/\/biostech-smd.com.br\/","name":"Inform\u00e1tica-pc.tech","description":"biostech-smd","publisher":{"@id":"https:\/\/biostech-smd.com.br\/#organization"},"potentialAction":[{"@type":"SearchAction","target":{"@type":"EntryPoint","urlTemplate":"https:\/\/biostech-smd.com.br\/?s={search_term_string}"},"query-input":"required name=search_term_string"}],"inLanguage":"pt-BR"},{"@type":"Organization","@id":"https:\/\/biostech-smd.com.br\/#organization","name":"Inform\u00e1tica-pc.tech","url":"https:\/\/biostech-smd.com.br\/","logo":{"@type":"ImageObject","inLanguage":"pt-BR","@id":"https:\/\/biostech-smd.com.br\/#\/schema\/logo\/image\/","url":"https:\/\/biostech-smd.com.br\/wp-content\/uploads\/2022\/09\/informatica-pc.tech-2-1.png","contentUrl":"https:\/\/biostech-smd.com.br\/wp-content\/uploads\/2022\/09\/informatica-pc.tech-2-1.png","width":200,"height":40,"caption":"Inform\u00e1tica-pc.tech"},"image":{"@id":"https:\/\/biostech-smd.com.br\/#\/schema\/logo\/image\/"}}]}},"_links":{"self":[{"href":"https:\/\/biostech-smd.com.br\/index.php?rest_route=\/wp\/v2\/pages\/20","targetHints":{"allow":["GET"]}}],"collection":[{"href":"https:\/\/biostech-smd.com.br\/index.php?rest_route=\/wp\/v2\/pages"}],"about":[{"href":"https:\/\/biostech-smd.com.br\/index.php?rest_route=\/wp\/v2\/types\/page"}],"author":[{"embeddable":true,"href":"https:\/\/biostech-smd.com.br\/index.php?rest_route=\/wp\/v2\/users\/2"}],"replies":[{"embeddable":true,"href":"https:\/\/biostech-smd.com.br\/index.php?rest_route=%2Fwp%2Fv2%2Fcomments&post=20"}],"version-history":[{"count":25,"href":"https:\/\/biostech-smd.com.br\/index.php?rest_route=\/wp\/v2\/pages\/20\/revisions"}],"predecessor-version":[{"id":361,"href":"https:\/\/biostech-smd.com.br\/index.php?rest_route=\/wp\/v2\/pages\/20\/revisions\/361"}],"wp:attachment":[{"href":"https:\/\/biostech-smd.com.br\/index.php?rest_route=%2Fwp%2Fv2%2Fmedia&parent=20"}],"curies":[{"name":"wp","href":"https:\/\/api.w.org\/{rel}","templated":true}]}}