{"id":476,"date":"2024-09-23T21:36:29","date_gmt":"2024-09-24T00:36:29","guid":{"rendered":"https:\/\/informaticapc.tech\/?page_id=476"},"modified":"2024-09-27T09:02:45","modified_gmt":"2024-09-27T12:02:45","slug":"elementor-476","status":"publish","type":"page","link":"https:\/\/biostech-smd.com.br\/?page_id=476","title":{"rendered":"Manuten\u00e7\u00e3o de equipamentos"},"content":{"rendered":"\t\t<div data-elementor-type=\"wp-post\" data-elementor-id=\"476\" class=\"elementor elementor-476\" data-elementor-post-type=\"page\">\n\t\t\t\t<div class=\"elementor-element elementor-element-0ce3782 e-con-full e-flex e-con e-parent\" data-id=\"0ce3782\" data-element_type=\"container\">\n\t\t\t\t<div class=\"elementor-element elementor-element-2aa52f1 elementor-widget elementor-widget-heading\" data-id=\"2aa52f1\" data-element_type=\"widget\" data-widget_type=\"heading.default\">\n\t\t\t\t<div class=\"elementor-widget-container\">\n\t\t\t\t\t<h1 class=\"elementor-heading-title elementor-size-default\">Manuten\u00e7\u00e3o<\/h1>\t\t\t\t<\/div>\n\t\t\t\t<\/div>\n\t\t\t\t<\/div>\n\t\t<div class=\"elementor-element elementor-element-17f072d e-flex e-con-boxed e-con e-parent\" data-id=\"17f072d\" data-element_type=\"container\">\n\t\t\t\t\t<div class=\"e-con-inner\">\n\t\t\t\t<div class=\"elementor-element elementor-element-7c1e0f2 elementor-widget elementor-widget-heading\" data-id=\"7c1e0f2\" data-element_type=\"widget\" data-widget_type=\"heading.default\">\n\t\t\t\t<div class=\"elementor-widget-container\">\n\t\t\t\t\t<h2 class=\"elementor-heading-title elementor-size-default\">Manuten\u00e7\u00e3o em computadores e notebooks<\/h2>\t\t\t\t<\/div>\n\t\t\t\t<\/div>\n\t\t\t\t\t<\/div>\n\t\t\t\t<\/div>\n\t\t<div class=\"elementor-element elementor-element-d10bfa3 e-flex e-con-boxed e-con e-parent\" data-id=\"d10bfa3\" data-element_type=\"container\">\n\t\t\t\t\t<div class=\"e-con-inner\">\n\t\t\t\t<div class=\"elementor-element elementor-element-48acd86 elementor-widget elementor-widget-image\" data-id=\"48acd86\" data-element_type=\"widget\" data-widget_type=\"image.default\">\n\t\t\t\t<div class=\"elementor-widget-container\">\n\t\t\t\t\t\t\t\t\t\t\t\t\t\t\t<img fetchpriority=\"high\" decoding=\"async\" width=\"1024\" height=\"637\" src=\"https:\/\/biostech-smd.com.br\/wp-content\/uploads\/2024\/09\/MANUTENCAO-COMPUTADOR-2-min-1024x637-1.webp\" class=\"attachment-1536x1536 size-1536x1536 wp-image-473\" alt=\"\" srcset=\"https:\/\/biostech-smd.com.br\/wp-content\/uploads\/2024\/09\/MANUTENCAO-COMPUTADOR-2-min-1024x637-1.webp 1024w, https:\/\/biostech-smd.com.br\/wp-content\/uploads\/2024\/09\/MANUTENCAO-COMPUTADOR-2-min-1024x637-1-300x187.webp 300w, https:\/\/biostech-smd.com.br\/wp-content\/uploads\/2024\/09\/MANUTENCAO-COMPUTADOR-2-min-1024x637-1-768x478.webp 768w, https:\/\/biostech-smd.com.br\/wp-content\/uploads\/2024\/09\/MANUTENCAO-COMPUTADOR-2-min-1024x637-1-600x373.webp 600w\" sizes=\"(max-width: 1024px) 100vw, 1024px\" \/>\t\t\t\t\t\t\t\t\t\t\t\t\t\t\t<\/div>\n\t\t\t\t<\/div>\n\t\t\t\t<div class=\"elementor-element elementor-element-5bf0b09 elementor-widget elementor-widget-image\" data-id=\"5bf0b09\" data-element_type=\"widget\" data-widget_type=\"image.default\">\n\t\t\t\t<div class=\"elementor-widget-container\">\n\t\t\t\t\t\t\t\t\t\t\t\t\t\t\t<img decoding=\"async\" width=\"1600\" height=\"470\" src=\"https:\/\/biostech-smd.com.br\/wp-content\/uploads\/2024\/09\/BANNERS-CONSERTO-COMPUTADOR-E-NOTEBOOK.webp\" class=\"attachment-full size-full wp-image-471\" alt=\"\" srcset=\"https:\/\/biostech-smd.com.br\/wp-content\/uploads\/2024\/09\/BANNERS-CONSERTO-COMPUTADOR-E-NOTEBOOK.webp 1600w, https:\/\/biostech-smd.com.br\/wp-content\/uploads\/2024\/09\/BANNERS-CONSERTO-COMPUTADOR-E-NOTEBOOK-300x88.webp 300w, https:\/\/biostech-smd.com.br\/wp-content\/uploads\/2024\/09\/BANNERS-CONSERTO-COMPUTADOR-E-NOTEBOOK-1024x301.webp 1024w, https:\/\/biostech-smd.com.br\/wp-content\/uploads\/2024\/09\/BANNERS-CONSERTO-COMPUTADOR-E-NOTEBOOK-768x226.webp 768w, https:\/\/biostech-smd.com.br\/wp-content\/uploads\/2024\/09\/BANNERS-CONSERTO-COMPUTADOR-E-NOTEBOOK-1536x451.webp 1536w, https:\/\/biostech-smd.com.br\/wp-content\/uploads\/2024\/09\/BANNERS-CONSERTO-COMPUTADOR-E-NOTEBOOK-600x176.webp 600w\" sizes=\"(max-width: 1600px) 100vw, 1600px\" \/>\t\t\t\t\t\t\t\t\t\t\t\t\t\t\t<\/div>\n\t\t\t\t<\/div>\n\t\t\t\t\t<\/div>\n\t\t\t\t<\/div>\n\t\t<div class=\"elementor-element elementor-element-9828f1e e-flex e-con-boxed e-con e-parent\" data-id=\"9828f1e\" data-element_type=\"container\">\n\t\t\t\t\t<div class=\"e-con-inner\">\n\t\t\t\t<div class=\"elementor-element elementor-element-1e5cc4e elementor-widget elementor-widget-heading\" data-id=\"1e5cc4e\" data-element_type=\"widget\" data-widget_type=\"heading.default\">\n\t\t\t\t<div class=\"elementor-widget-container\">\n\t\t\t\t\t<h1 class=\"elementor-heading-title elementor-size-default\"><div>Fazemos manuten\u00e7\u00e3o em c\u00e2meras, impressoras, aparelhos de TVs, som e muito mais.<\/div><\/h1>\t\t\t\t<\/div>\n\t\t\t\t<\/div>\n\t\t\t\t\t<\/div>\n\t\t\t\t<\/div>\n\t\t<div class=\"elementor-element elementor-element-03220b0 e-flex e-con-boxed e-con e-parent\" data-id=\"03220b0\" data-element_type=\"container\">\n\t\t\t\t\t<div class=\"e-con-inner\">\n\t\t\t\t<div class=\"elementor-element elementor-element-dab9682 elementor-widget elementor-widget-image\" data-id=\"dab9682\" data-element_type=\"widget\" data-widget_type=\"image.default\">\n\t\t\t\t<div class=\"elementor-widget-container\">\n\t\t\t\t\t\t\t\t\t\t\t\t\t\t\t<img decoding=\"async\" width=\"588\" height=\"316\" src=\"https:\/\/biostech-smd.com.br\/wp-content\/uploads\/2024\/09\/1520094290560.jpg\" class=\"attachment-full size-full wp-image-519\" alt=\"\" srcset=\"https:\/\/biostech-smd.com.br\/wp-content\/uploads\/2024\/09\/1520094290560.jpg 588w, https:\/\/biostech-smd.com.br\/wp-content\/uploads\/2024\/09\/1520094290560-300x161.jpg 300w\" sizes=\"(max-width: 588px) 100vw, 588px\" \/>\t\t\t\t\t\t\t\t\t\t\t\t\t\t\t<\/div>\n\t\t\t\t<\/div>\n\t\t\t\t\t<\/div>\n\t\t\t\t<\/div>\n\t\t<div class=\"elementor-element elementor-element-b32fe1a e-flex e-con-boxed e-con e-parent\" data-id=\"b32fe1a\" data-element_type=\"container\">\n\t\t\t\t\t<div class=\"e-con-inner\">\n\t\t\t\t<div class=\"elementor-element elementor-element-57fa6a0 elementor-widget elementor-widget-heading\" data-id=\"57fa6a0\" data-element_type=\"widget\" data-widget_type=\"heading.default\">\n\t\t\t\t<div class=\"elementor-widget-container\">\n\t\t\t\t\t<h2 class=\"elementor-heading-title elementor-size-default\"><div>Fazemos formata\u00e7\u00e3o em computadores e celulares.<\/div><\/h2>\t\t\t\t<\/div>\n\t\t\t\t<\/div>\n\t\t\t\t\t<\/div>\n\t\t\t\t<\/div>\n\t\t<div class=\"elementor-element elementor-element-eac62f8 e-flex e-con-boxed e-con e-parent\" data-id=\"eac62f8\" data-element_type=\"container\">\n\t\t\t\t\t<div class=\"e-con-inner\">\n\t\t\t\t<div class=\"elementor-element elementor-element-b97cb80 elementor-widget elementor-widget-image\" data-id=\"b97cb80\" data-element_type=\"widget\" data-widget_type=\"image.default\">\n\t\t\t\t<div class=\"elementor-widget-container\">\n\t\t\t\t\t\t\t\t\t\t\t\t\t\t\t<img loading=\"lazy\" decoding=\"async\" width=\"800\" height=\"800\" src=\"https:\/\/biostech-smd.com.br\/wp-content\/uploads\/2024\/09\/Yellow-Modern-Computer-Repair-Specialist-Instagram-Post-1024x1024.webp\" class=\"attachment-large size-large wp-image-525\" alt=\"\" srcset=\"https:\/\/biostech-smd.com.br\/wp-content\/uploads\/2024\/09\/Yellow-Modern-Computer-Repair-Specialist-Instagram-Post-1024x1024.webp 1024w, https:\/\/biostech-smd.com.br\/wp-content\/uploads\/2024\/09\/Yellow-Modern-Computer-Repair-Specialist-Instagram-Post-300x300.webp 300w, https:\/\/biostech-smd.com.br\/wp-content\/uploads\/2024\/09\/Yellow-Modern-Computer-Repair-Specialist-Instagram-Post-150x150.webp 150w, https:\/\/biostech-smd.com.br\/wp-content\/uploads\/2024\/09\/Yellow-Modern-Computer-Repair-Specialist-Instagram-Post-768x768.webp 768w, https:\/\/biostech-smd.com.br\/wp-content\/uploads\/2024\/09\/Yellow-Modern-Computer-Repair-Specialist-Instagram-Post-600x600.webp 600w, https:\/\/biostech-smd.com.br\/wp-content\/uploads\/2024\/09\/Yellow-Modern-Computer-Repair-Specialist-Instagram-Post-100x100.webp 100w, https:\/\/biostech-smd.com.br\/wp-content\/uploads\/2024\/09\/Yellow-Modern-Computer-Repair-Specialist-Instagram-Post.webp 1080w\" sizes=\"(max-width: 800px) 100vw, 800px\" \/>\t\t\t\t\t\t\t\t\t\t\t\t\t\t\t<\/div>\n\t\t\t\t<\/div>\n\t\t\t\t\t<\/div>\n\t\t\t\t<\/div>\n\t\t<div class=\"elementor-element elementor-element-6ca6450 e-flex e-con-boxed e-con e-parent\" data-id=\"6ca6450\" data-element_type=\"container\">\n\t\t\t\t\t<div class=\"e-con-inner\">\n\t\t\t\t<div class=\"elementor-element elementor-element-364ea79 elementor-widget elementor-widget-heading\" data-id=\"364ea79\" data-element_type=\"widget\" data-widget_type=\"heading.default\">\n\t\t\t\t<div class=\"elementor-widget-container\">\n\t\t\t\t\t<h2 class=\"elementor-heading-title elementor-size-default\"><h2 style=\"font-weight: var( --e-global-typography-primary-font-weight )\">Clique no nosso WhatsApp e saiba mais.<\/h2><\/h2>\t\t\t\t<\/div>\n\t\t\t\t<\/div>\n\t\t\t\t\t<\/div>\n\t\t\t\t<\/div>\n\t\t<div class=\"elementor-element elementor-element-a48ff90 e-flex e-con-boxed e-con e-parent\" data-id=\"a48ff90\" data-element_type=\"container\">\n\t\t\t\t\t<div class=\"e-con-inner\">\n\t\t\t\t<div class=\"elementor-element elementor-element-9cb6f15 elementor-align-center elementor-widget elementor-widget-button\" data-id=\"9cb6f15\" data-element_type=\"widget\" data-widget_type=\"button.default\">\n\t\t\t\t<div class=\"elementor-widget-container\">\n\t\t\t\t\t\t\t\t\t<div class=\"elementor-button-wrapper\">\n\t\t\t\t\t<a class=\"elementor-button elementor-button-link elementor-size-sm\" href=\"https:\/\/api.whatsapp.com\/send?phone=5532991325033\">\n\t\t\t\t\t\t<span class=\"elementor-button-content-wrapper\">\n\t\t\t\t\t\t<span class=\"elementor-button-icon\">\n\t\t\t\t<svg xmlns=\"http:\/\/www.w3.org\/2000\/svg\" viewBox=\"0 0 48 48\" width=\"48px\" height=\"48px\" fill-rule=\"evenodd\" clip-rule=\"evenodd\"><path fill=\"#fff\" d=\"M4.868,43.303l2.694-9.835C5.9,30.59,5.026,27.324,5.027,23.979C5.032,13.514,13.548,5,24.014,5c5.079,0.002,9.845,1.979,13.43,5.566c3.584,3.588,5.558,8.356,5.556,13.428c-0.004,10.465-8.522,18.98-18.986,18.98c-0.001,0,0,0,0,0h-0.008c-3.177-0.001-6.3-0.798-9.073-2.311L4.868,43.303z\"><\/path><path fill=\"#fff\" d=\"M4.868,43.803c-0.132,0-0.26-0.052-0.355-0.148c-0.125-0.127-0.174-0.312-0.127-0.483l2.639-9.636c-1.636-2.906-2.499-6.206-2.497-9.556C4.532,13.238,13.273,4.5,24.014,4.5c5.21,0.002,10.105,2.031,13.784,5.713c3.679,3.683,5.704,8.577,5.702,13.781c-0.004,10.741-8.746,19.48-19.486,19.48c-3.189-0.001-6.344-0.788-9.144-2.277l-9.875,2.589C4.953,43.798,4.911,43.803,4.868,43.803z\"><\/path><path fill=\"#cfd8dc\" d=\"M24.014,5c5.079,0.002,9.845,1.979,13.43,5.566c3.584,3.588,5.558,8.356,5.556,13.428c-0.004,10.465-8.522,18.98-18.986,18.98h-0.008c-3.177-0.001-6.3-0.798-9.073-2.311L4.868,43.303l2.694-9.835C5.9,30.59,5.026,27.324,5.027,23.979C5.032,13.514,13.548,5,24.014,5 M24.014,42.974C24.014,42.974,24.014,42.974,24.014,42.974C24.014,42.974,24.014,42.974,24.014,42.974 M24.014,42.974C24.014,42.974,24.014,42.974,24.014,42.974C24.014,42.974,24.014,42.974,24.014,42.974 M24.014,4C24.014,4,24.014,4,24.014,4C12.998,4,4.032,12.962,4.027,23.979c-0.001,3.367,0.849,6.685,2.461,9.622l-2.585,9.439c-0.094,0.345,0.002,0.713,0.254,0.967c0.19,0.192,0.447,0.297,0.711,0.297c0.085,0,0.17-0.011,0.254-0.033l9.687-2.54c2.828,1.468,5.998,2.243,9.197,2.244c11.024,0,19.99-8.963,19.995-19.98c0.002-5.339-2.075-10.359-5.848-14.135C34.378,6.083,29.357,4.002,24.014,4L24.014,4z\"><\/path><path fill=\"#40c351\" d=\"M35.176,12.832c-2.98-2.982-6.941-4.625-11.157-4.626c-8.704,0-15.783,7.076-15.787,15.774c-0.001,2.981,0.833,5.883,2.413,8.396l0.376,0.597l-1.595,5.821l5.973-1.566l0.577,0.342c2.422,1.438,5.2,2.198,8.032,2.199h0.006c8.698,0,15.777-7.077,15.78-15.776C39.795,19.778,38.156,15.814,35.176,12.832z\"><\/path><path fill=\"#fff\" fill-rule=\"evenodd\" d=\"M19.268,16.045c-0.355-0.79-0.729-0.806-1.068-0.82c-0.277-0.012-0.593-0.011-0.909-0.011c-0.316,0-0.83,0.119-1.265,0.594c-0.435,0.475-1.661,1.622-1.661,3.956c0,2.334,1.7,4.59,1.937,4.906c0.237,0.316,3.282,5.259,8.104,7.161c4.007,1.58,4.823,1.266,5.693,1.187c0.87-0.079,2.807-1.147,3.202-2.255c0.395-1.108,0.395-2.057,0.277-2.255c-0.119-0.198-0.435-0.316-0.909-0.554s-2.807-1.385-3.242-1.543c-0.435-0.158-0.751-0.237-1.068,0.238c-0.316,0.474-1.225,1.543-1.502,1.859c-0.277,0.317-0.554,0.357-1.028,0.119c-0.474-0.238-2.002-0.738-3.815-2.354c-1.41-1.257-2.362-2.81-2.639-3.285c-0.277-0.474-0.03-0.731,0.208-0.968c0.213-0.213,0.474-0.554,0.712-0.831c0.237-0.277,0.316-0.475,0.474-0.791c0.158-0.317,0.079-0.594-0.04-0.831C20.612,19.329,19.69,16.983,19.268,16.045z\" clip-rule=\"evenodd\"><\/path><\/svg>\t\t\t<\/span>\n\t\t\t\t\t\t\t\t<\/span>\n\t\t\t\t\t<\/a>\n\t\t\t\t<\/div>\n\t\t\t\t\t\t\t\t<\/div>\n\t\t\t\t<\/div>\n\t\t\t\t\t<\/div>\n\t\t\t\t<\/div>\n\t\t\t\t<\/div>\n\t\t","protected":false},"excerpt":{"rendered":"<p>Manuten\u00e7\u00e3o Manuten\u00e7\u00e3o em computadores e notebooks Fazemos manuten\u00e7\u00e3o em c\u00e2meras, impressoras, aparelhos de TVs, som e muito mais. Fazemos formata\u00e7\u00e3o em computadores e celulares. Clique no nosso WhatsApp e saiba mais.<\/p>\n","protected":false},"author":23,"featured_media":0,"parent":0,"menu_order":0,"comment_status":"closed","ping_status":"closed","template":"elementor_header_footer","meta":{"footnotes":""},"class_list":["post-476","page","type-page","status-publish","hentry"],"yoast_head":"<!-- This site is optimized with the Yoast SEO Premium plugin v23.2 (Yoast SEO v23.2) - https:\/\/yoast.com\/wordpress\/plugins\/seo\/ -->\n<title>Manuten\u00e7\u00e3o de equipamentos - biostech-smd<\/title>\n<meta name=\"robots\" content=\"index, follow, max-snippet:-1, max-image-preview:large, max-video-preview:-1\" \/>\n<link rel=\"canonical\" href=\"https:\/\/biostech-smd.com.br\/?page_id=476\" \/>\n<meta property=\"og:locale\" content=\"pt_BR\" \/>\n<meta property=\"og:type\" content=\"article\" \/>\n<meta property=\"og:title\" content=\"Manuten\u00e7\u00e3o de equipamentos\" \/>\n<meta property=\"og:description\" content=\"Manuten\u00e7\u00e3o Manuten\u00e7\u00e3o em computadores e notebooks Fazemos manuten\u00e7\u00e3o em c\u00e2meras, impressoras, aparelhos de TVs, som e muito mais. Fazemos formata\u00e7\u00e3o em computadores e celulares. Clique no nosso WhatsApp e saiba mais.\" \/>\n<meta property=\"og:url\" content=\"https:\/\/biostech-smd.com.br\/?page_id=476\" \/>\n<meta property=\"og:site_name\" content=\"biostech-smd\" \/>\n<meta property=\"article:modified_time\" content=\"2024-09-27T12:02:45+00:00\" \/>\n<meta property=\"og:image\" content=\"http:\/\/informaticapc.tech\/wp-content\/uploads\/2024\/09\/MANUTENCAO-COMPUTADOR-2-min-1024x637-1.webp\" \/>\n<meta name=\"twitter:card\" content=\"summary_large_image\" \/>\n<meta name=\"twitter:label1\" content=\"Est. tempo de leitura\" \/>\n\t<meta name=\"twitter:data1\" content=\"1 minuto\" \/>\n<script type=\"application\/ld+json\" class=\"yoast-schema-graph\">{\"@context\":\"https:\/\/schema.org\",\"@graph\":[{\"@type\":\"WebPage\",\"@id\":\"https:\/\/biostech-smd.com.br\/?page_id=476\",\"url\":\"https:\/\/biostech-smd.com.br\/?page_id=476\",\"name\":\"Manuten\u00e7\u00e3o de equipamentos - biostech-smd\",\"isPartOf\":{\"@id\":\"https:\/\/biostech-smd.com.br\/#website\"},\"primaryImageOfPage\":{\"@id\":\"https:\/\/biostech-smd.com.br\/?page_id=476#primaryimage\"},\"image\":{\"@id\":\"https:\/\/biostech-smd.com.br\/?page_id=476#primaryimage\"},\"thumbnailUrl\":\"http:\/\/informaticapc.tech\/wp-content\/uploads\/2024\/09\/MANUTENCAO-COMPUTADOR-2-min-1024x637-1.webp\",\"datePublished\":\"2024-09-24T00:36:29+00:00\",\"dateModified\":\"2024-09-27T12:02:45+00:00\",\"breadcrumb\":{\"@id\":\"https:\/\/biostech-smd.com.br\/?page_id=476#breadcrumb\"},\"inLanguage\":\"pt-BR\",\"potentialAction\":[{\"@type\":\"ReadAction\",\"target\":[\"https:\/\/biostech-smd.com.br\/?page_id=476\"]}]},{\"@type\":\"ImageObject\",\"inLanguage\":\"pt-BR\",\"@id\":\"https:\/\/biostech-smd.com.br\/?page_id=476#primaryimage\",\"url\":\"http:\/\/informaticapc.tech\/wp-content\/uploads\/2024\/09\/MANUTENCAO-COMPUTADOR-2-min-1024x637-1.webp\",\"contentUrl\":\"http:\/\/informaticapc.tech\/wp-content\/uploads\/2024\/09\/MANUTENCAO-COMPUTADOR-2-min-1024x637-1.webp\"},{\"@type\":\"BreadcrumbList\",\"@id\":\"https:\/\/biostech-smd.com.br\/?page_id=476#breadcrumb\",\"itemListElement\":[{\"@type\":\"ListItem\",\"position\":1,\"name\":\"In\u00edcio\",\"item\":\"https:\/\/biostech-smd.com.br\/\"},{\"@type\":\"ListItem\",\"position\":2,\"name\":\"Manuten\u00e7\u00e3o de equipamentos\"}]},{\"@type\":\"WebSite\",\"@id\":\"https:\/\/biostech-smd.com.br\/#website\",\"url\":\"https:\/\/biostech-smd.com.br\/\",\"name\":\"Inform\u00e1tica-pc.tech\",\"description\":\"biostech-smd\",\"publisher\":{\"@id\":\"https:\/\/biostech-smd.com.br\/#organization\"},\"potentialAction\":[{\"@type\":\"SearchAction\",\"target\":{\"@type\":\"EntryPoint\",\"urlTemplate\":\"https:\/\/biostech-smd.com.br\/?s={search_term_string}\"},\"query-input\":\"required name=search_term_string\"}],\"inLanguage\":\"pt-BR\"},{\"@type\":\"Organization\",\"@id\":\"https:\/\/biostech-smd.com.br\/#organization\",\"name\":\"Inform\u00e1tica-pc.tech\",\"url\":\"https:\/\/biostech-smd.com.br\/\",\"logo\":{\"@type\":\"ImageObject\",\"inLanguage\":\"pt-BR\",\"@id\":\"https:\/\/biostech-smd.com.br\/#\/schema\/logo\/image\/\",\"url\":\"https:\/\/biostech-smd.com.br\/wp-content\/uploads\/2022\/09\/informatica-pc.tech-2-1.png\",\"contentUrl\":\"https:\/\/biostech-smd.com.br\/wp-content\/uploads\/2022\/09\/informatica-pc.tech-2-1.png\",\"width\":200,\"height\":40,\"caption\":\"Inform\u00e1tica-pc.tech\"},\"image\":{\"@id\":\"https:\/\/biostech-smd.com.br\/#\/schema\/logo\/image\/\"}}]}<\/script>\n<!-- \/ Yoast SEO Premium plugin. -->","yoast_head_json":{"title":"Manuten\u00e7\u00e3o de equipamentos - biostech-smd","robots":{"index":"index","follow":"follow","max-snippet":"max-snippet:-1","max-image-preview":"max-image-preview:large","max-video-preview":"max-video-preview:-1"},"canonical":"https:\/\/biostech-smd.com.br\/?page_id=476","og_locale":"pt_BR","og_type":"article","og_title":"Manuten\u00e7\u00e3o de equipamentos","og_description":"Manuten\u00e7\u00e3o Manuten\u00e7\u00e3o em computadores e notebooks Fazemos manuten\u00e7\u00e3o em c\u00e2meras, impressoras, aparelhos de TVs, som e muito mais. Fazemos formata\u00e7\u00e3o em computadores e celulares. Clique no nosso WhatsApp e saiba mais.","og_url":"https:\/\/biostech-smd.com.br\/?page_id=476","og_site_name":"biostech-smd","article_modified_time":"2024-09-27T12:02:45+00:00","og_image":[{"url":"http:\/\/informaticapc.tech\/wp-content\/uploads\/2024\/09\/MANUTENCAO-COMPUTADOR-2-min-1024x637-1.webp"}],"twitter_card":"summary_large_image","twitter_misc":{"Est. tempo de leitura":"1 minuto"},"schema":{"@context":"https:\/\/schema.org","@graph":[{"@type":"WebPage","@id":"https:\/\/biostech-smd.com.br\/?page_id=476","url":"https:\/\/biostech-smd.com.br\/?page_id=476","name":"Manuten\u00e7\u00e3o de equipamentos - biostech-smd","isPartOf":{"@id":"https:\/\/biostech-smd.com.br\/#website"},"primaryImageOfPage":{"@id":"https:\/\/biostech-smd.com.br\/?page_id=476#primaryimage"},"image":{"@id":"https:\/\/biostech-smd.com.br\/?page_id=476#primaryimage"},"thumbnailUrl":"http:\/\/informaticapc.tech\/wp-content\/uploads\/2024\/09\/MANUTENCAO-COMPUTADOR-2-min-1024x637-1.webp","datePublished":"2024-09-24T00:36:29+00:00","dateModified":"2024-09-27T12:02:45+00:00","breadcrumb":{"@id":"https:\/\/biostech-smd.com.br\/?page_id=476#breadcrumb"},"inLanguage":"pt-BR","potentialAction":[{"@type":"ReadAction","target":["https:\/\/biostech-smd.com.br\/?page_id=476"]}]},{"@type":"ImageObject","inLanguage":"pt-BR","@id":"https:\/\/biostech-smd.com.br\/?page_id=476#primaryimage","url":"http:\/\/informaticapc.tech\/wp-content\/uploads\/2024\/09\/MANUTENCAO-COMPUTADOR-2-min-1024x637-1.webp","contentUrl":"http:\/\/informaticapc.tech\/wp-content\/uploads\/2024\/09\/MANUTENCAO-COMPUTADOR-2-min-1024x637-1.webp"},{"@type":"BreadcrumbList","@id":"https:\/\/biostech-smd.com.br\/?page_id=476#breadcrumb","itemListElement":[{"@type":"ListItem","position":1,"name":"In\u00edcio","item":"https:\/\/biostech-smd.com.br\/"},{"@type":"ListItem","position":2,"name":"Manuten\u00e7\u00e3o de equipamentos"}]},{"@type":"WebSite","@id":"https:\/\/biostech-smd.com.br\/#website","url":"https:\/\/biostech-smd.com.br\/","name":"Inform\u00e1tica-pc.tech","description":"biostech-smd","publisher":{"@id":"https:\/\/biostech-smd.com.br\/#organization"},"potentialAction":[{"@type":"SearchAction","target":{"@type":"EntryPoint","urlTemplate":"https:\/\/biostech-smd.com.br\/?s={search_term_string}"},"query-input":"required name=search_term_string"}],"inLanguage":"pt-BR"},{"@type":"Organization","@id":"https:\/\/biostech-smd.com.br\/#organization","name":"Inform\u00e1tica-pc.tech","url":"https:\/\/biostech-smd.com.br\/","logo":{"@type":"ImageObject","inLanguage":"pt-BR","@id":"https:\/\/biostech-smd.com.br\/#\/schema\/logo\/image\/","url":"https:\/\/biostech-smd.com.br\/wp-content\/uploads\/2022\/09\/informatica-pc.tech-2-1.png","contentUrl":"https:\/\/biostech-smd.com.br\/wp-content\/uploads\/2022\/09\/informatica-pc.tech-2-1.png","width":200,"height":40,"caption":"Inform\u00e1tica-pc.tech"},"image":{"@id":"https:\/\/biostech-smd.com.br\/#\/schema\/logo\/image\/"}}]}},"_links":{"self":[{"href":"https:\/\/biostech-smd.com.br\/index.php?rest_route=\/wp\/v2\/pages\/476","targetHints":{"allow":["GET"]}}],"collection":[{"href":"https:\/\/biostech-smd.com.br\/index.php?rest_route=\/wp\/v2\/pages"}],"about":[{"href":"https:\/\/biostech-smd.com.br\/index.php?rest_route=\/wp\/v2\/types\/page"}],"author":[{"embeddable":true,"href":"https:\/\/biostech-smd.com.br\/index.php?rest_route=\/wp\/v2\/users\/23"}],"replies":[{"embeddable":true,"href":"https:\/\/biostech-smd.com.br\/index.php?rest_route=%2Fwp%2Fv2%2Fcomments&post=476"}],"version-history":[{"count":102,"href":"https:\/\/biostech-smd.com.br\/index.php?rest_route=\/wp\/v2\/pages\/476\/revisions"}],"predecessor-version":[{"id":742,"href":"https:\/\/biostech-smd.com.br\/index.php?rest_route=\/wp\/v2\/pages\/476\/revisions\/742"}],"wp:attachment":[{"href":"https:\/\/biostech-smd.com.br\/index.php?rest_route=%2Fwp%2Fv2%2Fmedia&parent=476"}],"curies":[{"name":"wp","href":"https:\/\/api.w.org\/{rel}","templated":true}]}}